{"id":241,"date":"2025-01-20T15:42:55","date_gmt":"2025-01-20T14:42:55","guid":{"rendered":"https:\/\/ottima.be\/?page_id=241"},"modified":"2025-01-20T15:54:45","modified_gmt":"2025-01-20T14:54:45","slug":"calcul-de-charpente-metalliqie","status":"publish","type":"page","link":"https:\/\/ottima.be\/?page_id=241","title":{"rendered":"CALCUL DE CHARPENTE METALLIQUE"},"content":{"rendered":"\n<p>Pour les missions de conception, d&rsquo;ex\u00e9cution ou de  diagnostics, nous vous apportons notre expertise des calculs de charpente m\u00e9talliques ou mixtes acier\/b\u00e9ton pour valider et optimiser tous types de charpentes.<\/p>\n\n\n\n<p>Les notes de calcul \u00e9tablies, sur base d&rsquo;une note d&rsquo;hypoth\u00e8ses, permettent le dimensionnement des profils et des attaches principales de structure.<\/p>\n\n\n\n<p>Sp\u00e9cialis\u00e9s dans le calcul des projets de r\u00e9habilitation, nous vous apportons les solutions en ad\u00e9quation avec le projet et ses contraintes.<\/p>\n\n\n\n<p>R\u00e9cemment, nous nous sommes orient\u00e9 \u00e9galement sur les projet en r\u00e9-emploi, conform\u00e9ment aux recommandations professionnelles de Juin 2024.<\/p>\n\n\n\n<figure class=\"wp-block-image size-large\"><img loading=\"lazy\" decoding=\"async\" width=\"1024\" height=\"548\" src=\"https:\/\/ottima.be\/wp-content\/uploads\/2025\/01\/image-1-1024x548.png\" alt=\"\" class=\"wp-image-247\" srcset=\"https:\/\/ottima.be\/wp-content\/uploads\/2025\/01\/image-1-1024x548.png 1024w, https:\/\/ottima.be\/wp-content\/uploads\/2025\/01\/image-1-300x161.png 300w, https:\/\/ottima.be\/wp-content\/uploads\/2025\/01\/image-1-768x411.png 768w, https:\/\/ottima.be\/wp-content\/uploads\/2025\/01\/image-1.png 1385w\" sizes=\"auto, (max-width: 1024px) 100vw, 1024px\" \/><\/figure>\n\n\n\n<p>Projet de renforcement de ferme m\u00e9tallique\/bois \u00e0 st Etienne pour la soci\u00e9t\u00e9 BCM<\/p>\n\n\n\n<p><\/p>\n\n\n\n<figure class=\"wp-block-image size-full is-resized\"><img loading=\"lazy\" decoding=\"async\" width=\"599\" height=\"446\" src=\"https:\/\/ottima.be\/wp-content\/uploads\/2025\/01\/image.png\" alt=\"\" class=\"wp-image-244\" style=\"width:506px;height:auto\" srcset=\"https:\/\/ottima.be\/wp-content\/uploads\/2025\/01\/image.png 599w, https:\/\/ottima.be\/wp-content\/uploads\/2025\/01\/image-300x223.png 300w\" sizes=\"auto, (max-width: 599px) 100vw, 599px\" \/><\/figure>\n\n\n\n<p>Chantier de R\u00e9-emploi &#8211; diagnostic et conception de charpente pour la ville de Grenoble<\/p>\n","protected":false},"excerpt":{"rendered":"<p>Pour les missions de conception, d&rsquo;ex\u00e9cution ou de diagnostics, nous vous apportons notre expertise des calculs de charpente m\u00e9talliques ou mixtes acier\/b\u00e9ton pour valider et optimiser tous types de charpentes. Les notes de calcul \u00e9tablies, sur base d&rsquo;une note d&rsquo;hypoth\u00e8ses, permettent le dimensionnement des profils et des attaches principales de structure. Sp\u00e9cialis\u00e9s dans le calcul [&hellip;]<\/p>\n","protected":false},"author":1,"featured_media":0,"parent":0,"menu_order":3,"comment_status":"closed","ping_status":"closed","template":"","meta":{"footnotes":""},"class_list":["post-241","page","type-page","status-publish","hentry"],"_links":{"self":[{"href":"https:\/\/ottima.be\/index.php?rest_route=\/wp\/v2\/pages\/241","targetHints":{"allow":["GET"]}}],"collection":[{"href":"https:\/\/ottima.be\/index.php?rest_route=\/wp\/v2\/pages"}],"about":[{"href":"https:\/\/ottima.be\/index.php?rest_route=\/wp\/v2\/types\/page"}],"author":[{"embeddable":true,"href":"https:\/\/ottima.be\/index.php?rest_route=\/wp\/v2\/users\/1"}],"replies":[{"embeddable":true,"href":"https:\/\/ottima.be\/index.php?rest_route=%2Fwp%2Fv2%2Fcomments&post=241"}],"version-history":[{"count":5,"href":"https:\/\/ottima.be\/index.php?rest_route=\/wp\/v2\/pages\/241\/revisions"}],"predecessor-version":[{"id":249,"href":"https:\/\/ottima.be\/index.php?rest_route=\/wp\/v2\/pages\/241\/revisions\/249"}],"wp:attachment":[{"href":"https:\/\/ottima.be\/index.php?rest_route=%2Fwp%2Fv2%2Fmedia&parent=241"}],"curies":[{"name":"wp","href":"https:\/\/api.w.org\/{rel}","templated":true}]}}